{"id":732,"date":"2024-03-01T15:40:56","date_gmt":"2024-03-01T19:40:56","guid":{"rendered":"http:\/\/localhost\/template\/?page_id=732"},"modified":"2024-06-14T12:52:48","modified_gmt":"2024-06-14T16:52:48","slug":"noticias","status":"publish","type":"page","link":"https:\/\/fipe.caceres.mt.gov.br\/41\/noticias\/","title":{"rendered":"Not\u00edcias"},"content":{"rendered":"\t\t<div data-elementor-type=\"wp-page\" data-elementor-id=\"732\" class=\"elementor elementor-732\">\n\t\t\t\t<div class=\"elementor-element elementor-element-42bcb4b e-flex e-con-boxed e-con e-parent\" data-id=\"42bcb4b\" data-element_type=\"container\" data-settings=\"{&quot;background_background&quot;:&quot;classic&quot;,&quot;content_width&quot;:&quot;boxed&quot;}\" data-core-v316-plus=\"true\">\n\t\t\t\t\t<div class=\"e-con-inner\">\n\t\t\t\t<div class=\"elementor-element elementor-element-852a3c2 elementor-widget elementor-widget-heading\" data-id=\"852a3c2\" data-element_type=\"widget\" data-widget_type=\"heading.default\">\n\t\t\t\t<div class=\"elementor-widget-container\">\n\t\t\t<style>\/*! elementor - v3.19.0 - 29-01-2024 *\/\n.elementor-heading-title{padding:0;margin:0;line-height:1}.elementor-widget-heading .elementor-heading-title[class*=elementor-size-]>a{color:inherit;font-size:inherit;line-height:inherit}.elementor-widget-heading .elementor-heading-title.elementor-size-small{font-size:15px}.elementor-widget-heading .elementor-heading-title.elementor-size-medium{font-size:19px}.elementor-widget-heading .elementor-heading-title.elementor-size-large{font-size:29px}.elementor-widget-heading .elementor-heading-title.elementor-size-xl{font-size:39px}.elementor-widget-heading .elementor-heading-title.elementor-size-xxl{font-size:59px}<\/style><h2 class=\"elementor-heading-title elementor-size-default\">INFORMES<\/h2>\t\t<\/div>\n\t\t\t\t<\/div>\n\t\t<div class=\"elementor-element elementor-element-b275cce e-flex e-con-boxed e-con e-child\" data-id=\"b275cce\" data-element_type=\"container\" data-settings=\"{&quot;content_width&quot;:&quot;boxed&quot;}\">\n\t\t\t\t\t<div class=\"e-con-inner\">\n\t\t\t\t<div class=\"elementor-element elementor-element-74f33c8 elementor-widget__width-initial principal-sobre elementor-widget elementor-widget-text-editor\" data-id=\"74f33c8\" data-element_type=\"widget\" data-widget_type=\"text-editor.default\">\n\t\t\t\t<div class=\"elementor-widget-container\">\n\t\t\t<style>\/*! elementor - v3.19.0 - 29-01-2024 *\/\n.elementor-widget-text-editor.elementor-drop-cap-view-stacked .elementor-drop-cap{background-color:#69727d;color:#fff}.elementor-widget-text-editor.elementor-drop-cap-view-framed .elementor-drop-cap{color:#69727d;border:3px solid;background-color:transparent}.elementor-widget-text-editor:not(.elementor-drop-cap-view-default) .elementor-drop-cap{margin-top:8px}.elementor-widget-text-editor:not(.elementor-drop-cap-view-default) .elementor-drop-cap-letter{width:1em;height:1em}.elementor-widget-text-editor .elementor-drop-cap{float:left;text-align:center;line-height:1;font-size:50px}.elementor-widget-text-editor .elementor-drop-cap-letter{display:inline-block}<\/style>\t\t\t\t<a href=\"https:\/\/fipe.caceres.mt.gov.br\/41\/\" class=\"principal-hover\">Principal<\/a>\t\t\t\t\t\t<\/div>\n\t\t\t\t<\/div>\n\t\t\t\t<div class=\"elementor-element elementor-element-e67a884 elementor-widget__width-initial elementor-widget elementor-widget-text-editor\" data-id=\"e67a884\" data-element_type=\"widget\" data-widget_type=\"text-editor.default\">\n\t\t\t\t<div class=\"elementor-widget-container\">\n\t\t\t\t\t\t\t<p>&gt;<\/p>\t\t\t\t\t\t<\/div>\n\t\t\t\t<\/div>\n\t\t\t\t<div class=\"elementor-element elementor-element-eb0c4ef elementor-widget__width-initial elementor-widget elementor-widget-text-editor\" data-id=\"eb0c4ef\" data-element_type=\"widget\" data-widget_type=\"text-editor.default\">\n\t\t\t\t<div class=\"elementor-widget-container\">\n\t\t\t\t\t\t\t<p>Informes<\/p>\t\t\t\t\t\t<\/div>\n\t\t\t\t<\/div>\n\t\t\t\t\t<\/div>\n\t\t\t\t<\/div>\n\t\t\t\t\t<\/div>\n\t\t\t\t<\/div>\n\t\t<div class=\"elementor-element elementor-element-229fcd8 e-flex e-con-boxed e-con e-parent\" data-id=\"229fcd8\" data-element_type=\"container\" data-settings=\"{&quot;content_width&quot;:&quot;boxed&quot;}\" data-core-v316-plus=\"true\">\n\t\t\t\t\t<div class=\"e-con-inner\">\n\t\t\t\t<div class=\"elementor-element elementor-element-3ddb33d elementor-widget elementor-widget-gutenberg-post-blocks\" data-id=\"3ddb33d\" data-element_type=\"widget\" data-widget_type=\"gutenberg-post-blocks.default\">\n\t\t\t\t<div class=\"elementor-widget-container\">\n\t\t\t<div class=\"ultp-shortcode\" data-postid=\"753\"><div  class=\"wp-block-ultimate-post-post-list-3 ultp-block-4ac481\"><div class=\"ultp-block-wrapper\"><div class=\"ultp-loading\"><div class=\"ultp-loading-blocks\" style=\"width:100%;height:100%;\"><div style=\"left: 0;top: 0;animation-delay:0s;\"><\/div><div style=\"left: 21px;top: 0;animation-delay:0.125s;\"><\/div><div style=\"left: 42px;top: 0;animation-delay:0.25s;\"><\/div><div style=\"left: 0;top: 21px;animation-delay:0.875s;\"><\/div><div style=\"left: 42px;top: 21px;animation-delay:0.375s;\"><\/div><div style=\"left: 0;top: 42px;animation-delay:0.75s;\"><\/div><div style=\"left: 42px;top: 42px;animation-delay:0.625s;\"><\/div><div style=\"left: 21px;top: 42px;animation-delay:0.5s;\"><\/div><\/div><\/div><div class=\"ultp-heading-filter\"><div class=\"ultp-heading-filter-in\"><div class=\"ultp-filter-navigation\"><\/div><\/div><\/div><div class=\"ultp-block-items-wrap ultp-block-row ultp-block-column-1 ultp-block-content-middle ultp-layout1\"><div class=\"ultp-block-item ultp-block-media post-id-1817\"><div class=\"ultp-block-content-wrap\"><div class=\"ultp-block-image ultp-block-image-zoomIn\"><a href=\"https:\/\/fipe.caceres.mt.gov.br\/41\/2024\/07\/02\/prefeitura-de-caceres-anuncia-programacao-oficial-do-41o-fipe\/\" ><img decoding=\"async\"  alt=\"Prefeitura de C\u00e1ceres anuncia programa\u00e7\u00e3o oficial do 41\u00ba FIPe\"  src=\"https:\/\/fipe.caceres.mt.gov.br\/41\/wp-content\/uploads\/2024\/07\/8403.jpg\" \/><\/a><\/div><div class=\"ultp-block-content\"><h3 class=\"ultp-block-title \"><a href=\"https:\/\/fipe.caceres.mt.gov.br\/41\/2024\/07\/02\/prefeitura-de-caceres-anuncia-programacao-oficial-do-41o-fipe\/\" >Prefeitura de C\u00e1ceres anuncia programa\u00e7\u00e3o oficial do 41\u00ba FIPe<\/a><\/h3><div class=\"ultp-block-meta ultp-block-meta- ultp-block-meta-icon\"><span class=\"ultp-block-date\"><svg xmlns=\"http:\/\/www.w3.org\/2000\/svg\" viewBox=\"0 0 18 19\"><path d=\"M4.60069444,4.09375 L3.25,4.09375 C2.47334957,4.09375 1.84375,4.72334957 1.84375,5.5 L1.84375,7.26736111 L16.15625,7.26736111 L16.15625,5.5 C16.15625,4.72334957 15.5266504,4.09375 14.75,4.09375 L13.3993056,4.09375 L13.3993056,4.55555556 C13.3993056,5.02154581 13.0215458,5.39930556 12.5555556,5.39930556 C12.0895653,5.39930556 11.7118056,5.02154581 11.7118056,4.55555556 L11.7118056,4.09375 L6.28819444,4.09375 L6.28819444,4.55555556 C6.28819444,5.02154581 5.9104347,5.39930556 5.44444444,5.39930556 C4.97845419,5.39930556 4.60069444,5.02154581 4.60069444,4.55555556 L4.60069444,4.09375 Z M6.28819444,2.40625 L11.7118056,2.40625 L11.7118056,1 C11.7118056,0.534009742 12.0895653,0.15625 12.5555556,0.15625 C13.0215458,0.15625 13.3993056,0.534009742 13.3993056,1 L13.3993056,2.40625 L14.75,2.40625 C16.4586309,2.40625 17.84375,3.79136906 17.84375,5.5 L17.84375,15.875 C17.84375,17.5836309 16.4586309,18.96875 14.75,18.96875 L3.25,18.96875 C1.54136906,18.96875 0.15625,17.5836309 0.15625,15.875 L0.15625,5.5 C0.15625,3.79136906 1.54136906,2.40625 3.25,2.40625 L4.60069444,2.40625 L4.60069444,1 C4.60069444,0.534009742 4.97845419,0.15625 5.44444444,0.15625 C5.9104347,0.15625 6.28819444,0.534009742 6.28819444,1 L6.28819444,2.40625 Z M1.84375,8.95486111 L1.84375,15.875 C1.84375,16.6516504 2.47334957,17.28125 3.25,17.28125 L14.75,17.28125 C15.5266504,17.28125 16.15625,16.6516504 16.15625,15.875 L16.15625,8.95486111 L1.84375,8.95486111 Z\"\/><\/svg>jul 2, 2024<\/span><\/div><div class=\"ultp-block-excerpt\"><p>A Prefeitura de C\u00e1ceres divulgou oficialmente a programa\u00e7\u00e3o do 41\u00ba Festival Internacional de Pesca (FIPe), que acontecer\u00e1 entre os dias 02 e 07 de julho no munic\u00edpio. O evento, que \u00e9 um dos maiores e mais tradicionais festivais de pesca&hellip;<\/p>\n<\/div><div class=\"ultp-block-readmore\"><a aria-label=\"Prefeitura de C\u00e1ceres anuncia programa\u00e7\u00e3o oficial do 41\u00ba FIPe\" href=\"https:\/\/fipe.caceres.mt.gov.br\/41\/2024\/07\/02\/prefeitura-de-caceres-anuncia-programacao-oficial-do-41o-fipe\/\" >Leia mais<\/a><\/div><\/div><\/div><\/div><div class=\"ultp-block-item ultp-block-media post-id-1810\"><div class=\"ultp-block-content-wrap\"><div class=\"ultp-block-image ultp-block-image-zoomIn\"><a href=\"https:\/\/fipe.caceres.mt.gov.br\/41\/2024\/07\/02\/atencao-atualizacoes-no-regulamento-do-41o-festival-internacional-de-pesca\/\" ><img decoding=\"async\"  alt=\"ATEN\u00c7\u00c3O: Atualiza\u00e7\u00f5es no Regulamento do 41\u00ba Festival Internacional de Pesca\"  src=\"https:\/\/fipe.caceres.mt.gov.br\/41\/wp-content\/uploads\/2024\/07\/fipe23.png\" \/><\/a><\/div><div class=\"ultp-block-content\"><h3 class=\"ultp-block-title \"><a href=\"https:\/\/fipe.caceres.mt.gov.br\/41\/2024\/07\/02\/atencao-atualizacoes-no-regulamento-do-41o-festival-internacional-de-pesca\/\" >ATEN\u00c7\u00c3O: Atualiza\u00e7\u00f5es no Regulamento do 41\u00ba Festival Internacional de Pesca<\/a><\/h3><div class=\"ultp-block-meta ultp-block-meta- ultp-block-meta-icon\"><span class=\"ultp-block-date\"><svg xmlns=\"http:\/\/www.w3.org\/2000\/svg\" viewBox=\"0 0 18 19\"><path d=\"M4.60069444,4.09375 L3.25,4.09375 C2.47334957,4.09375 1.84375,4.72334957 1.84375,5.5 L1.84375,7.26736111 L16.15625,7.26736111 L16.15625,5.5 C16.15625,4.72334957 15.5266504,4.09375 14.75,4.09375 L13.3993056,4.09375 L13.3993056,4.55555556 C13.3993056,5.02154581 13.0215458,5.39930556 12.5555556,5.39930556 C12.0895653,5.39930556 11.7118056,5.02154581 11.7118056,4.55555556 L11.7118056,4.09375 L6.28819444,4.09375 L6.28819444,4.55555556 C6.28819444,5.02154581 5.9104347,5.39930556 5.44444444,5.39930556 C4.97845419,5.39930556 4.60069444,5.02154581 4.60069444,4.55555556 L4.60069444,4.09375 Z M6.28819444,2.40625 L11.7118056,2.40625 L11.7118056,1 C11.7118056,0.534009742 12.0895653,0.15625 12.5555556,0.15625 C13.0215458,0.15625 13.3993056,0.534009742 13.3993056,1 L13.3993056,2.40625 L14.75,2.40625 C16.4586309,2.40625 17.84375,3.79136906 17.84375,5.5 L17.84375,15.875 C17.84375,17.5836309 16.4586309,18.96875 14.75,18.96875 L3.25,18.96875 C1.54136906,18.96875 0.15625,17.5836309 0.15625,15.875 L0.15625,5.5 C0.15625,3.79136906 1.54136906,2.40625 3.25,2.40625 L4.60069444,2.40625 L4.60069444,1 C4.60069444,0.534009742 4.97845419,0.15625 5.44444444,0.15625 C5.9104347,0.15625 6.28819444,0.534009742 6.28819444,1 L6.28819444,2.40625 Z M1.84375,8.95486111 L1.84375,15.875 C1.84375,16.6516504 2.47334957,17.28125 3.25,17.28125 L14.75,17.28125 C15.5266504,17.28125 16.15625,16.6516504 16.15625,15.875 L16.15625,8.95486111 L1.84375,8.95486111 Z\"\/><\/svg>jul 2, 2024<\/span><\/div><div class=\"ultp-block-excerpt\"><p>O 41\u00ba Festival Internacional de Pesca (FIPe) traz atualiza\u00e7\u00f5es importantes em seu regulamento. As mudan\u00e7as incluem uma nova sistem\u00e1tica de pontua\u00e7\u00e3o dos peixes, visando garantir uma disputa mais justa entre os participantes. Outra modifica\u00e7\u00e3o importante ocorre na p\u00e1gina 14 do&hellip;<\/p>\n<\/div><div class=\"ultp-block-readmore\"><a aria-label=\"ATEN\u00c7\u00c3O: Atualiza\u00e7\u00f5es no Regulamento do 41\u00ba Festival Internacional de Pesca\" href=\"https:\/\/fipe.caceres.mt.gov.br\/41\/2024\/07\/02\/atencao-atualizacoes-no-regulamento-do-41o-festival-internacional-de-pesca\/\" >Leia mais<\/a><\/div><\/div><\/div><\/div><div class=\"ultp-block-item ultp-block-media post-id-1803\"><div class=\"ultp-block-content-wrap\"><div class=\"ultp-block-image ultp-block-image-zoomIn\"><a href=\"https:\/\/fipe.caceres.mt.gov.br\/41\/2024\/07\/02\/festival-de-pesca-de-caceres-a-emocao-comeca-hoje\/\" ><img decoding=\"async\"  alt=\"Festival de Pesca de C\u00e1ceres: A Emo\u00e7\u00e3o Come\u00e7a Hoje\"  src=\"https:\/\/fipe.caceres.mt.gov.br\/41\/wp-content\/uploads\/2024\/07\/8393.jpg\" \/><\/a><\/div><div class=\"ultp-block-content\"><h3 class=\"ultp-block-title \"><a href=\"https:\/\/fipe.caceres.mt.gov.br\/41\/2024\/07\/02\/festival-de-pesca-de-caceres-a-emocao-comeca-hoje\/\" >Festival de Pesca de C\u00e1ceres: A Emo\u00e7\u00e3o Come\u00e7a Hoje<\/a><\/h3><div class=\"ultp-block-meta ultp-block-meta- ultp-block-meta-icon\"><span class=\"ultp-block-date\"><svg xmlns=\"http:\/\/www.w3.org\/2000\/svg\" viewBox=\"0 0 18 19\"><path d=\"M4.60069444,4.09375 L3.25,4.09375 C2.47334957,4.09375 1.84375,4.72334957 1.84375,5.5 L1.84375,7.26736111 L16.15625,7.26736111 L16.15625,5.5 C16.15625,4.72334957 15.5266504,4.09375 14.75,4.09375 L13.3993056,4.09375 L13.3993056,4.55555556 C13.3993056,5.02154581 13.0215458,5.39930556 12.5555556,5.39930556 C12.0895653,5.39930556 11.7118056,5.02154581 11.7118056,4.55555556 L11.7118056,4.09375 L6.28819444,4.09375 L6.28819444,4.55555556 C6.28819444,5.02154581 5.9104347,5.39930556 5.44444444,5.39930556 C4.97845419,5.39930556 4.60069444,5.02154581 4.60069444,4.55555556 L4.60069444,4.09375 Z M6.28819444,2.40625 L11.7118056,2.40625 L11.7118056,1 C11.7118056,0.534009742 12.0895653,0.15625 12.5555556,0.15625 C13.0215458,0.15625 13.3993056,0.534009742 13.3993056,1 L13.3993056,2.40625 L14.75,2.40625 C16.4586309,2.40625 17.84375,3.79136906 17.84375,5.5 L17.84375,15.875 C17.84375,17.5836309 16.4586309,18.96875 14.75,18.96875 L3.25,18.96875 C1.54136906,18.96875 0.15625,17.5836309 0.15625,15.875 L0.15625,5.5 C0.15625,3.79136906 1.54136906,2.40625 3.25,2.40625 L4.60069444,2.40625 L4.60069444,1 C4.60069444,0.534009742 4.97845419,0.15625 5.44444444,0.15625 C5.9104347,0.15625 6.28819444,0.534009742 6.28819444,1 L6.28819444,2.40625 Z M1.84375,8.95486111 L1.84375,15.875 C1.84375,16.6516504 2.47334957,17.28125 3.25,17.28125 L14.75,17.28125 C15.5266504,17.28125 16.15625,16.6516504 16.15625,15.875 L16.15625,8.95486111 L1.84375,8.95486111 Z\"\/><\/svg>jul 2, 2024<\/span><\/div><div class=\"ultp-block-excerpt\"><p>O cora\u00e7\u00e3o dos moradores de C\u00e1ceres j\u00e1 bate no ritmo das remadas, das fisgadas e das solturas dos peixes que voltam ao rio. As m\u00e3os acolhedoras e solid\u00e1rias do povo cacerense est\u00e3o prontas para abra\u00e7ar as emo\u00e7\u00f5es do maior evento&hellip;<\/p>\n<\/div><div class=\"ultp-block-readmore\"><a aria-label=\"Festival de Pesca de C\u00e1ceres: A Emo\u00e7\u00e3o Come\u00e7a Hoje\" href=\"https:\/\/fipe.caceres.mt.gov.br\/41\/2024\/07\/02\/festival-de-pesca-de-caceres-a-emocao-comeca-hoje\/\" >Leia mais<\/a><\/div><\/div><\/div><\/div><\/div><div class=\"ultp-pagination-wrap ultp-pagination-ajax-action\" data-paged=\"1\" data-expost=\"\"  data-blockid=\"4ac481\" data-postid=\"753\" data-pages=\"7\" data-blockname=\"ultimate-post_post-list-3\" data-selfpostid=\"yes\"><ul class=\"ultp-pagination\"><li class=\"ultp-prev-page-numbers\" style=\"display:none\"><a href=\"https:\/\/fipe.caceres.mt.gov.br\/41\/wp-json\/wp\/v2\/pages\/732\/\"><svg enable-background=\"new 0 0 477.175 477.175\" version=\"1.1\" viewBox=\"0 0 477.18 477.18\"><path d=\"m145.19 238.58 215.5-215.5c5.3-5.3 5.3-13.8 0-19.1s-13.8-5.3-19.1 0l-225.1 225.1c-5.3 5.3-5.3 13.8 0 19.1l225.1 225c2.6 2.6 6.1 4 9.5 4s6.9-1.3 9.5-4c5.3-5.3 5.3-13.8 0-19.1l-215.4-215.5z\"><\/path><\/svg> Anterior<\/a><\/li><li class=\"ultp-first-pages\" style=\"display:none\" data-current=\"1\"><a href=\"https:\/\/fipe.caceres.mt.gov.br\/41\/wp-json\/wp\/v2\/pages\/732\/\">1<\/a><\/li><li class=\"ultp-first-dot\"style=\"display:none\"><a href=\"#\">&#8230;<\/a><\/li><li class=\"ultp-center-item pagination-active\" data-current=\"1\"><a href=\"https:\/\/fipe.caceres.mt.gov.br\/41\/wp-json\/wp\/v2\/pages\/732\/\">1<\/a><\/li><li class=\"ultp-center-item\" data-current=\"2\" ><a href=\"https:\/\/fipe.caceres.mt.gov.br\/41\/wp-json\/wp\/v2\/pages\/732\/page\/2\/\">2<\/a><\/li><li class=\"ultp-center-item\" data-current=\"3\" ><a href=\"https:\/\/fipe.caceres.mt.gov.br\/41\/wp-json\/wp\/v2\/pages\/732\/page\/3\/\">3<\/a><\/li><li class=\"ultp-last-dot\" ><a href=\"#\">&#8230;<\/a><\/li><li class=\"ultp-last-pages\" data-current=\"7\"><a href=\"https:\/\/fipe.caceres.mt.gov.br\/41\/wp-json\/wp\/v2\/pages\/732\/page\/7\/\">7<\/a><\/li><li class=\"ultp-next-page-numbers\"><a href=\"https:\/\/fipe.caceres.mt.gov.br\/41\/wp-json\/wp\/v2\/pages\/732\/page\/2\/\">Pr\u00f3ximo<svg enable-background=\"new 0 0 477.175 477.175\" version=\"1.1\" viewBox=\"0 0 477.18 477.18\"><path d=\"m360.73 229.08-225.1-225.1c-5.3-5.3-13.8-5.3-19.1 0s-5.3 13.8 0 19.1l215.5 215.5-215.5 215.5c-5.3 5.3-5.3 13.8 0 19.1 2.6 2.6 6.1 4 9.5 4s6.9-1.3 9.5-4l225.1-225.1c5.3-5.2 5.3-13.8 0.1-19z\"><\/path><\/svg><\/a><\/li><\/ul><\/div><\/div><\/div><\/div>\t\t<\/div>\n\t\t\t\t<\/div>\n\t\t\t\t\t<\/div>\n\t\t\t\t<\/div>\n\t\t\t\t<\/div>\n\t\t","protected":false},"excerpt":{"rendered":"<p>INFORMES Principal &gt; Informes Interestelar: Uma Jornada Atrav\u00e9s do Espa\u00e7o mar 14, 2024 Estrelado por Matthew McConaughey e Anne Hathaway, o filme de fic\u00e7\u00e3o cient\u00edfica de 2014, Interestelar, continua a fascinar o p\u00fablico com sua hist\u00f3ria emocionante e efeitos visuais impressionantes. Dirigido por Christopher Nolan, conhecido por seus filmes como A Origem e&hellip; Leia mais [&hellip;]<\/p>\n","protected":false},"author":1,"featured_media":0,"parent":0,"menu_order":0,"comment_status":"closed","ping_status":"closed","template":"","meta":{"footnotes":""},"class_list":["post-732","page","type-page","status-publish","hentry"],"blocksy_meta":[],"_links":{"self":[{"href":"https:\/\/fipe.caceres.mt.gov.br\/41\/wp-json\/wp\/v2\/pages\/732","targetHints":{"allow":["GET"]}}],"collection":[{"href":"https:\/\/fipe.caceres.mt.gov.br\/41\/wp-json\/wp\/v2\/pages"}],"about":[{"href":"https:\/\/fipe.caceres.mt.gov.br\/41\/wp-json\/wp\/v2\/types\/page"}],"author":[{"embeddable":true,"href":"https:\/\/fipe.caceres.mt.gov.br\/41\/wp-json\/wp\/v2\/users\/1"}],"replies":[{"embeddable":true,"href":"https:\/\/fipe.caceres.mt.gov.br\/41\/wp-json\/wp\/v2\/comments?post=732"}],"version-history":[{"count":0,"href":"https:\/\/fipe.caceres.mt.gov.br\/41\/wp-json\/wp\/v2\/pages\/732\/revisions"}],"wp:attachment":[{"href":"https:\/\/fipe.caceres.mt.gov.br\/41\/wp-json\/wp\/v2\/media?parent=732"}],"curies":[{"name":"wp","href":"https:\/\/api.w.org\/{rel}","templated":true}]}}