{"id":614,"date":"2024-02-09T13:12:55","date_gmt":"2024-02-09T17:12:55","guid":{"rendered":"http:\/\/localhost\/template\/?page_id=614"},"modified":"2024-06-12T09:19:41","modified_gmt":"2024-06-12T13:19:41","slug":"contato","status":"publish","type":"page","link":"https:\/\/fipe.caceres.mt.gov.br\/41\/contato\/","title":{"rendered":"Contato"},"content":{"rendered":"\t\t<div data-elementor-type=\"wp-page\" data-elementor-id=\"614\" class=\"elementor elementor-614\">\n\t\t\t\t<div class=\"elementor-element elementor-element-9647ab2 e-flex e-con-boxed e-con e-parent\" data-id=\"9647ab2\" data-element_type=\"container\" data-settings=\"{&quot;background_background&quot;:&quot;classic&quot;,&quot;content_width&quot;:&quot;boxed&quot;}\" data-core-v316-plus=\"true\">\n\t\t\t\t\t<div class=\"e-con-inner\">\n\t\t\t\t<div class=\"elementor-element elementor-element-055f5db elementor-widget elementor-widget-heading\" data-id=\"055f5db\" data-element_type=\"widget\" data-widget_type=\"heading.default\">\n\t\t\t\t<div class=\"elementor-widget-container\">\n\t\t\t<style>\/*! elementor - v3.19.0 - 29-01-2024 *\/\n.elementor-heading-title{padding:0;margin:0;line-height:1}.elementor-widget-heading .elementor-heading-title[class*=elementor-size-]>a{color:inherit;font-size:inherit;line-height:inherit}.elementor-widget-heading .elementor-heading-title.elementor-size-small{font-size:15px}.elementor-widget-heading .elementor-heading-title.elementor-size-medium{font-size:19px}.elementor-widget-heading .elementor-heading-title.elementor-size-large{font-size:29px}.elementor-widget-heading .elementor-heading-title.elementor-size-xl{font-size:39px}.elementor-widget-heading .elementor-heading-title.elementor-size-xxl{font-size:59px}<\/style><h2 class=\"elementor-heading-title elementor-size-default\">Contato<\/h2>\t\t<\/div>\n\t\t\t\t<\/div>\n\t\t<div class=\"elementor-element elementor-element-5fac599 e-flex e-con-boxed e-con e-child\" data-id=\"5fac599\" data-element_type=\"container\" data-settings=\"{&quot;content_width&quot;:&quot;boxed&quot;}\">\n\t\t\t\t\t<div class=\"e-con-inner\">\n\t\t\t\t<div class=\"elementor-element elementor-element-b6209fd elementor-widget__width-initial principal-sobre elementor-widget elementor-widget-text-editor\" data-id=\"b6209fd\" data-element_type=\"widget\" data-widget_type=\"text-editor.default\">\n\t\t\t\t<div class=\"elementor-widget-container\">\n\t\t\t<style>\/*! elementor - v3.19.0 - 29-01-2024 *\/\n.elementor-widget-text-editor.elementor-drop-cap-view-stacked .elementor-drop-cap{background-color:#69727d;color:#fff}.elementor-widget-text-editor.elementor-drop-cap-view-framed .elementor-drop-cap{color:#69727d;border:3px solid;background-color:transparent}.elementor-widget-text-editor:not(.elementor-drop-cap-view-default) .elementor-drop-cap{margin-top:8px}.elementor-widget-text-editor:not(.elementor-drop-cap-view-default) .elementor-drop-cap-letter{width:1em;height:1em}.elementor-widget-text-editor .elementor-drop-cap{float:left;text-align:center;line-height:1;font-size:50px}.elementor-widget-text-editor .elementor-drop-cap-letter{display:inline-block}<\/style>\t\t\t\t<a href=\"https:\/\/fipe.caceres.mt.gov.br\/41\/\" class=\"principal-hover\">Principal<\/a>\t\t\t\t\t\t<\/div>\n\t\t\t\t<\/div>\n\t\t\t\t<div class=\"elementor-element elementor-element-2a1f1b8 elementor-widget__width-initial elementor-widget elementor-widget-text-editor\" data-id=\"2a1f1b8\" data-element_type=\"widget\" data-widget_type=\"text-editor.default\">\n\t\t\t\t<div class=\"elementor-widget-container\">\n\t\t\t\t\t\t\t<p>&gt;<\/p>\t\t\t\t\t\t<\/div>\n\t\t\t\t<\/div>\n\t\t\t\t<div class=\"elementor-element elementor-element-a250647 elementor-widget__width-initial elementor-widget elementor-widget-text-editor\" data-id=\"a250647\" data-element_type=\"widget\" data-widget_type=\"text-editor.default\">\n\t\t\t\t<div class=\"elementor-widget-container\">\n\t\t\t\t\t\t\t<p>Contato<\/p>\t\t\t\t\t\t<\/div>\n\t\t\t\t<\/div>\n\t\t\t\t\t<\/div>\n\t\t\t\t<\/div>\n\t\t\t\t\t<\/div>\n\t\t\t\t<\/div>\n\t\t<div class=\"elementor-element elementor-element-b56eb6c elementor-hidden-mobile e-flex e-con-boxed e-con e-parent\" data-id=\"b56eb6c\" data-element_type=\"container\" data-settings=\"{&quot;background_background&quot;:&quot;classic&quot;,&quot;content_width&quot;:&quot;boxed&quot;}\" data-core-v316-plus=\"true\">\n\t\t\t\t\t<div class=\"e-con-inner\">\n\t\t\t\t<div class=\"elementor-element elementor-element-7ea2370 elementor-widget__width-initial elementor-widget-mobile__width-initial elementor-widget elementor-widget-html\" data-id=\"7ea2370\" data-element_type=\"widget\" data-widget_type=\"html.default\">\n\t\t\t\t<div class=\"elementor-widget-container\">\n\t\t\t<!DOCTYPE html>\r\n<html lang=\"en\">\r\n<head>\r\n    <meta charset=\"UTF-8\">\r\n    <meta name=\"viewport\" content=\"width=device-width, initial-scale=1.0\">\r\n    <title>Animated Contact Box<\/title>\r\n    <style>\r\n        @import url('https:\/\/fonts.googleapis.com\/css2?family=Josefin+Sans&display=swap');\r\n\r\n        .contact-box {\r\n            padding-top: 20px;\r\n            padding-right: 20px;\r\n            padding-left: 20px;\r\n            transition: all 0.3s ease;\r\n            position: relative;\r\n            overflow: hidden;\r\n            border-bottom: 3px solid transparent;\r\n            border-radius: 5px;\r\n            background-color: rgb(255, 255, 255);\r\n            display: flex; \/* Adicionado *\/\r\n            align-items: center; \/* Adicionado *\/\r\n        }\r\n\r\n        .contact-link {\r\n            text-decoration: none;\r\n            color: inherit;\r\n            display: flex;\r\n            flex-direction: column;\r\n            align-items: flex-start;\r\n            width: 100%; \/* Adicionado *\/\r\n        }\r\n\r\n        .icon-area {\r\n            transition: all 0.3s ease;\r\n            margin-bottom: 20px;\r\n        }\r\n\r\n        .phone-icon {\r\n            margin-top: 10px;\r\n            width: 25px; \/* Ajuste a largura conforme necess\u00e1rio *\/\r\n            height: auto; \/* Mant\u00e9m a propor\u00e7\u00e3o da imagem *\/\r\n        }\r\n\r\n        .text-area {\r\n            text-align: start;\r\n            transition: all 0.3s ease;\r\n            width: 100%; \/* Adicionado *\/\r\n        }\r\n\r\n        .heading {\r\n            margin: 0;\r\n            margin-top: -10px;\r\n            transition: all 0.3s ease;\r\n            font-weight: 700;\r\n            font-family: 'Josefin Sans', sans-serif;\r\n            font-size: 18px;\r\n            line-height: 26px;\r\n            color: black;\r\n        }\r\n\r\n        .description {\r\n            margin: 0;\r\n            transition: all 0.3s ease;\r\n            opacity: 0;\r\n            transform: translateY(20px);\r\n            color: #00000091;\r\n            font-weight: 400;\r\n            font-family: 'Josefin Sans', sans-serif;\r\n            font-size: 16px;\r\n            line-height: 26px;\r\n        }\r\n\r\n        .contact-box:hover .icon-area {\r\n            transform: translateY(-30px); \/* Ajuste conforme necess\u00e1rio *\/\r\n            opacity: 0;\r\n        }\r\n\r\n        .contact-box:hover .heading {\r\n            transform: translateY(-35px); \/* Ajuste conforme necess\u00e1rio *\/\r\n        }\r\n\r\n        .contact-box:hover .description {\r\n            opacity: 1;\r\n            transform: translateY(-25px);\r\n        }\r\n\r\n        .contact-box:hover {\r\n            border-bottom: 3px solid var(--theme-palette-color-1);;\r\n            box-shadow: 3px 10px 25px -20px rgba(0,0,0,0.75);\r\n        }\r\n    <\/style>\r\n<\/head>\r\n<body>\r\n    <div class=\"contact-box\">\r\n        <a href=\"https:\/\/wa.me\/5565999999999\/?text=Ol%C3%A1!\" class=\"contact-link\">\r\n            <div class=\"icon-area\">\r\n                <img decoding=\"async\" src=\"https:\/\/fipe.caceres.mt.gov.br\/41\/wp-content\/uploads\/2024\/02\/phone_icon.png\" alt=\"Telefone\" class=\"phone-icon\">\r\n            <\/div>            \r\n            <div class=\"text-area\">\r\n                <p class=\"heading\">Fale conosco!<\/p>\r\n                <p class=\"description\">Clique para nos contatar atrav\u00e9s do WhatsApp.<\/p>\r\n            <\/div>\r\n        <\/a>\r\n    <\/div>\r\n<\/body>\r\n<\/html>\r\n\t\t<\/div>\n\t\t\t\t<\/div>\n\t\t<div class=\"elementor-element elementor-element-34ff217 e-flex e-con-boxed e-con e-child\" data-id=\"34ff217\" data-element_type=\"container\" data-settings=\"{&quot;content_width&quot;:&quot;boxed&quot;}\">\n\t\t\t\t\t<div class=\"e-con-inner\">\n\t\t\t\t<div class=\"elementor-element elementor-element-e3c40c4 elementor-widget elementor-widget-heading\" data-id=\"e3c40c4\" data-element_type=\"widget\" data-widget_type=\"heading.default\">\n\t\t\t\t<div class=\"elementor-widget-container\">\n\t\t\t<h2 class=\"elementor-heading-title elementor-size-default\">ATENDIMENTO<\/h2>\t\t<\/div>\n\t\t\t\t<\/div>\n\t\t\t\t<div class=\"elementor-element elementor-element-ffaa40e elementor-widget elementor-widget-text-editor\" data-id=\"ffaa40e\" data-element_type=\"widget\" data-widget_type=\"text-editor.default\">\n\t\t\t\t<div class=\"elementor-widget-container\">\n\t\t\t\t\t\t\t<p>Segunda \u00e0 Sexta: 7h at\u00e9 19h<br \/>S\u00e1bado: 7h at\u00e9 11h<\/p>\t\t\t\t\t\t<\/div>\n\t\t\t\t<\/div>\n\t\t\t\t\t<\/div>\n\t\t\t\t<\/div>\n\t\t\t\t\t<\/div>\n\t\t\t\t<\/div>\n\t\t<div class=\"elementor-element elementor-element-883eccc elementor-hidden-desktop elementor-hidden-tablet e-flex e-con-boxed e-con e-parent\" data-id=\"883eccc\" data-element_type=\"container\" data-settings=\"{&quot;background_background&quot;:&quot;classic&quot;,&quot;content_width&quot;:&quot;boxed&quot;}\" data-core-v316-plus=\"true\">\n\t\t\t\t\t<div class=\"e-con-inner\">\n\t\t<div class=\"elementor-element elementor-element-7691c12 e-flex e-con-boxed e-con e-child\" data-id=\"7691c12\" data-element_type=\"container\" data-settings=\"{&quot;content_width&quot;:&quot;boxed&quot;}\">\n\t\t\t\t\t<div class=\"e-con-inner\">\n\t\t\t\t<div class=\"elementor-element elementor-element-f49af7d elementor-widget elementor-widget-heading\" data-id=\"f49af7d\" data-element_type=\"widget\" data-widget_type=\"heading.default\">\n\t\t\t\t<div class=\"elementor-widget-container\">\n\t\t\t<h2 class=\"elementor-heading-title elementor-size-default\">ATENDIMENTO<\/h2>\t\t<\/div>\n\t\t\t\t<\/div>\n\t\t\t\t<div class=\"elementor-element elementor-element-03a1dd0 elementor-widget elementor-widget-text-editor\" data-id=\"03a1dd0\" data-element_type=\"widget\" data-widget_type=\"text-editor.default\">\n\t\t\t\t<div class=\"elementor-widget-container\">\n\t\t\t\t\t\t\t<p>Segunda \u00e0 Sexta: 7h at\u00e9 19h<br \/>S\u00e1bado: 7h at\u00e9 11h<\/p>\t\t\t\t\t\t<\/div>\n\t\t\t\t<\/div>\n\t\t\t\t\t<\/div>\n\t\t\t\t<\/div>\n\t\t\t\t<div class=\"elementor-element elementor-element-685ece0 elementor-widget__width-initial elementor-widget-mobile__width-initial elementor-widget elementor-widget-html\" data-id=\"685ece0\" data-element_type=\"widget\" data-widget_type=\"html.default\">\n\t\t\t\t<div class=\"elementor-widget-container\">\n\t\t\t<!DOCTYPE html>\r\n<html lang=\"en\">\r\n<head>\r\n    <meta charset=\"UTF-8\">\r\n    <meta name=\"viewport\" content=\"width=device-width, initial-scale=1.0\">\r\n    <title>Animated Contact Box<\/title>\r\n    <style>\r\n        @import url('https:\/\/fonts.googleapis.com\/css2?family=Josefin+Sans&display=swap');\r\n\r\n        .contact-box {\r\n            padding-top: 20px;\r\n            padding-right: 20px;\r\n            padding-left: 20px;\r\n            transition: all 0.3s ease;\r\n            position: relative;\r\n            overflow: hidden;\r\n            border-bottom: 3px solid transparent;\r\n            border-radius: 5px;\r\n            background-color: rgb(255, 255, 255);\r\n            display: flex; \/* Adicionado *\/\r\n            align-items: center; \/* Adicionado *\/\r\n        }\r\n\r\n        .contact-link {\r\n            text-decoration: none;\r\n            color: inherit;\r\n            display: flex;\r\n            flex-direction: column;\r\n            align-items: flex-start;\r\n            width: 100%; \/* Adicionado *\/\r\n        }\r\n\r\n        .icon-area {\r\n            transition: all 0.3s ease;\r\n            margin-bottom: 20px;\r\n        }\r\n\r\n        .phone-icon {\r\n            margin-top: 10px;\r\n            width: 25px; \/* Ajuste a largura conforme necess\u00e1rio *\/\r\n            height: auto; \/* Mant\u00e9m a propor\u00e7\u00e3o da imagem *\/\r\n        }\r\n\r\n        .text-area {\r\n            text-align: start;\r\n            transition: all 0.3s ease;\r\n            width: 100%; \/* Adicionado *\/\r\n        }\r\n\r\n        .heading {\r\n            margin: 0;\r\n            margin-top: -10px;\r\n            transition: all 0.3s ease;\r\n            font-weight: 700;\r\n            font-family: 'Josefin Sans', sans-serif;\r\n            font-size: 18px;\r\n            line-height: 26px;\r\n            color: black;\r\n        }\r\n\r\n        .description {\r\n            margin: 0;\r\n            transition: all 0.3s ease;\r\n            opacity: 0;\r\n            transform: translateY(20px);\r\n            color: #00000091;\r\n            font-weight: 400;\r\n            font-family: 'Josefin Sans', sans-serif;\r\n            font-size: 16px;\r\n            line-height: 26px;\r\n        }\r\n\r\n        .contact-box:hover .icon-area {\r\n            transform: translateY(-30px); \/* Ajuste conforme necess\u00e1rio *\/\r\n            opacity: 0;\r\n        }\r\n\r\n        .contact-box:hover .heading {\r\n            transform: translateY(-35px); \/* Ajuste conforme necess\u00e1rio *\/\r\n        }\r\n\r\n        .contact-box:hover .description {\r\n            opacity: 1;\r\n            transform: translateY(-25px);\r\n        }\r\n\r\n        .contact-box:hover {\r\n            border-bottom: 3px solid var(--theme-palette-color-1);;\r\n            box-shadow: 3px 10px 25px -20px rgba(0,0,0,0.75);\r\n        }\r\n    <\/style>\r\n<\/head>\r\n<body>\r\n    <div class=\"contact-box\">\r\n        <a href=\"https:\/\/wa.me\/5565999999999\/?text=Ol%C3%A1!\" class=\"contact-link\">\r\n            <div class=\"icon-area\">\r\n                <img decoding=\"async\" src=\"https:\/\/fipe.caceres.mt.gov.br\/41\/wp-content\/uploads\/2024\/02\/phone_icon.png\" alt=\"Telefone\" class=\"phone-icon\">\r\n            <\/div>            \r\n            <div class=\"text-area\">\r\n                <p class=\"heading\">Fale conosco!<\/p>\r\n                <p class=\"description\">Clique para nos contatar atrav\u00e9s do WhatsApp.<\/p>\r\n            <\/div>\r\n        <\/a>\r\n    <\/div>\r\n<\/body>\r\n<\/html>\r\n\t\t<\/div>\n\t\t\t\t<\/div>\n\t\t\t\t\t<\/div>\n\t\t\t\t<\/div>\n\t\t<a class=\"elementor-element elementor-element-6a7c0fd e-con-full e-flex e-con e-parent\" data-id=\"6a7c0fd\" data-element_type=\"container\" data-settings=\"{&quot;background_background&quot;:&quot;classic&quot;,&quot;content_width&quot;:&quot;full&quot;}\" data-core-v316-plus=\"true\" href=\"https:\/\/www.google.com.br\/maps\/place\/Risc+-+Centro+de+Inova%C3%A7%C3%A3o\/@-16.0640285,-57.6822748,17z\/data=!3m1!4b1!4m6!3m5!1s0x939aff9cf7b2364f:0xf68936c5bf131a59!8m2!3d-16.0640337!4d-57.6796999!16s%2Fg%2F11h_70sv1d?entry=ttu\" target=\"_blank\">\n\t\t\t\t<\/a>\n\t\t\t\t<\/div>\n\t\t","protected":false},"excerpt":{"rendered":"<p>Contato Principal &gt; Contato Animated Contact Box Fale conosco! Clique para nos contatar atrav\u00e9s do WhatsApp. ATENDIMENTO Segunda \u00e0 Sexta: 7h at\u00e9 19hS\u00e1bado: 7h at\u00e9 11h ATENDIMENTO Segunda \u00e0 Sexta: 7h at\u00e9 19hS\u00e1bado: 7h at\u00e9 11h Animated Contact Box Fale conosco! Clique para nos contatar atrav\u00e9s do WhatsApp.<\/p>\n","protected":false},"author":1,"featured_media":0,"parent":0,"menu_order":0,"comment_status":"closed","ping_status":"closed","template":"","meta":{"footnotes":""},"class_list":["post-614","page","type-page","status-publish","hentry"],"blocksy_meta":[],"_links":{"self":[{"href":"https:\/\/fipe.caceres.mt.gov.br\/41\/wp-json\/wp\/v2\/pages\/614","targetHints":{"allow":["GET"]}}],"collection":[{"href":"https:\/\/fipe.caceres.mt.gov.br\/41\/wp-json\/wp\/v2\/pages"}],"about":[{"href":"https:\/\/fipe.caceres.mt.gov.br\/41\/wp-json\/wp\/v2\/types\/page"}],"author":[{"embeddable":true,"href":"https:\/\/fipe.caceres.mt.gov.br\/41\/wp-json\/wp\/v2\/users\/1"}],"replies":[{"embeddable":true,"href":"https:\/\/fipe.caceres.mt.gov.br\/41\/wp-json\/wp\/v2\/comments?post=614"}],"version-history":[{"count":0,"href":"https:\/\/fipe.caceres.mt.gov.br\/41\/wp-json\/wp\/v2\/pages\/614\/revisions"}],"wp:attachment":[{"href":"https:\/\/fipe.caceres.mt.gov.br\/41\/wp-json\/wp\/v2\/media?parent=614"}],"curies":[{"name":"wp","href":"https:\/\/api.w.org\/{rel}","templated":true}]}}